{"id":124,"date":"2015-11-19T17:05:58","date_gmt":"2015-11-19T17:05:58","guid":{"rendered":"http:\/\/www.road24h.com\/?page_id=124"},"modified":"2016-12-30T10:29:49","modified_gmt":"2016-12-30T09:29:49","slug":"privacy-policy-rentek-srl","status":"publish","type":"page","link":"https:\/\/www.road24h.com\/en\/privacy-policy-rentek-srl\/","title":{"rendered":"Privacy Policy"},"content":{"rendered":"<p style=\"text-align: left;\">Il presente documento, riguarda le politiche di riservatezza e descrive le modalit\u00e0 di gestione del trattamento dei dati personali dei visitatori e degli utenti del sito.Il Decreto Legislativo n. 196 del 30 giugno 2003 (CODICE IN MATERIA DI PROTEZIONE DEI DATI PERSONALI di seguito denominato \u201cCodice\u201d) che ha sostituito la Legge n. 675 del 31 dicembre 1996, stabilisce le regole concernenti la raccolta dei dati personali ed in particolare:<\/p>\n<ol>\n<li>le finalit\u00e0 e le modalit\u00e0 del trattamento cui sono destinati i dati;<\/li>\n<li>la natura obbligatoria o facoltativa del conferimento dei dati;<\/li>\n<li>i soggetti o le categorie di soggetti ai quali i dati personali possono essere comunicati o che possono venirne a conoscenza in qualit\u00e0 di responsabili o incaricati, e l\u2019ambito di diffusione dei dati medesimi;<\/li>\n<li>i diritti dei soggetti interessati;<\/li>\n<li>gli estremi identificativi del titolare e del responsabile Titolare e responsabile;<\/li>\n<\/ol>\n<p>1 \u2013 Finalit\u00e0 e modalit\u00e0 del trattamento dei dati<\/p>\n<ol>\n<li>I dati raccolti tramite il sito www.road24h.com, trattati in modo lecito e secondo principi di correttezza, saranno utilizzati, previo consenso dell\u2019utente, al fine di ottenere i servizi previsti nel sito stesso. L\u2019invio di messaggi di posta elettronica agli indirizzi eventualmente presenti nel sito, comporta l\u2019acquisizione da parte dell\u2019organizzazione dell\u2019indirizzo del mittente. Tale indirizzo, unitamente agli altri dati personali eventualmente raccolti, \u00e8 necessario per poter rispondere alle richieste inviate e per poter fornire i servizi espressamente richiesti.<\/li>\n<li>I dati sono trattati in formato cartaceo e\/o elettronico, mediante l\u2019ausilio di procedure automatizzate, ed \u00e8 svolto direttamente dall\u2019organizzazione o da soggetti esterni a tale organizzazione, in qualit\u00e0 di Responsabili e\/o Incaricati del trattamento, nonch\u00e9 da Societ\u00e0 di servizi, in qualit\u00e0 di Responsabili e\/o Incaricati del trattamento.<\/li>\n<li>Sono previste opportune misure di sicurezza per evitare l\u2019uso non corretto o illecito dei dati, l\u2019accesso da parte di soggetti non abilitati e la perdita dei dati stessi.<\/li>\n<li>I dati raccolti mediante il modello di \u201crichiesta di adesione\u201d saranno diffusi e resi disponibili attraverso il sito stesso attraverso l\u2019elenco degli iscritti e le mappe provinciali allo scopo di individuare la localizzazione geografica dell\u2019azienda iscritta.<\/li>\n<li>I dati raccolti saranno diffusi attraverso anche altri mezzi di volta in volta ritenuti utili a comunicare quanto necessario agli scopi ed alle attivit\u00e0 della rete.<\/li>\n<li>I dati raccolti tramite i \u201cform\u201d del sito\u00a0www.road24h.com, in particolare gli indirizzi di posta elettronica, andranno a popolare una banca dati denominata \u201cmailing-list\u201d ed utilizzati per inviare messaggi di posta elettronica informativi e \u201cnewsletter\u201d sull\u2019attivit\u00e0 del sito e informazioni a tutti coloro che li hanno forniti.<\/li>\n<li>I dati raccolti verranno trasmessi agli organismi dell\u2019associazione denominata Apaid ed anche alle associazioni di categoria patrocinatrici al fine di contattare gli iscritti ed organizzare attivit\u00e0 della rete stessa.<\/li>\n<\/ol>\n<p>2 \u2013 Natura obbligatoria o facoltativa del conferimento dei dati<\/p>\n<p>L\u2019utente del sito ha la facolt\u00e0 di conferire o meno i propri dati personali, per richiedere i servizi o l\u2019invio di materiale informativo da parte della Societ\u00e0. Il mancato consenso al trattamento dei dati, pu\u00f2 comportare l\u2019impossibilit\u00e0 di ottenere dalla Societ\u00e0 il servizio richiesto.<\/p>\n<p>Il mancato consenso al trattamento dei dati, comporta l\u2019impossibilit\u00e0 di iscriversi all\u2019associazione denominata Apaid.<\/p>\n<p>3 \u2013 Soggetti o categorie di soggetti ai quali i dati possono essere comunicati<\/p>\n<p>I dati personali raccolti tramite il sito, sono comunicati a soggetti terzi solo nel caso in cui il servizio offerto richieda tale comunicazione e possono essere:<\/p>\n<ol>\n<li>I collaboratori all\u2019attivit\u00e0 del sito.<\/li>\n<li>I fornitori di Apaid per l\u2019esecuzione del servizio.<\/li>\n<li>I funzionari ed i dirigenti delle associazioni di categoria patrocinatrici del sito ed indicate nella home page del sito stesso.<\/li>\n<li>I dati possono essere comunicati ad organismi ed autorit\u00e0 in base a specifiche disposizioni di legge.<\/li>\n<\/ol>\n<p>4 \u2013 Diritti dei soggetti interessati<\/p>\n<p>Il Codice conferisce all\u2019interessato l\u2019esercizio di specifici diritti, tra cui quelli di ottenere dal Titolare la conferma dell\u2019esistenza o meno dei propri dati personali e la loro messa a disposizione in forma intelligibile; di avere conoscenza dell\u2019origine dei dati, nonch\u00e9 della logica e delle finalit\u00e0 su cui si basa il trattamento; di ottenere l\u2019indicazione degli estremi identificativi del Titolare, dei Responsabili, dei soggetti e delle categorie di soggetti ai quali i dati personali possono essere comunicati; di ottenere la cancellazione, la trasformazione in forma anonima o il blocco dei dati trattati in violazione della legge, nonch\u00e9 l\u2019aggiornamento, la rettificazione o, se vi \u00e8 interesse, l\u2019integrazione dei dati; di opporsi, per motivi legittimi, al trattamento stesso. Si precisa che la cancellazione e il blocco riguardano i dati trattati in violazione di legge; per l\u2019integrazione occorre vantare un interesse specifico. Il diritto di opposizione pu\u00f2 sempre essere esercitato nei riguardi del materiale commerciale e pubblicitario, della vendita diretta e delle ricerche di mercato; negli altri casi l\u2019opposizione presume un motivo legittimo. I diritti di cui al presente paragrafo possono essere esercitati presentando istanza scritta al Responsabile del trattamento presso la sede di Apaid, Piazza Dante 8\/7, 16121 Genova \u2013 P.IVA\u00a002362170991 oppure attraverso l\u2019indirizzo di posta elettronica info@road24h.com<\/p>\n<p>5 \u2013 Titolare del trattamento dati<\/p>\n<p>Titolare del trattamento dei dati personali eventualmente conferiti tramite il sito \u00e8 Apaid, Piazza Dante 8\/7, 16121 Genova \u2013 P.IVA\u00a002362170991. Responsabile del trattamento \u00e8 il rappresentante legale.<\/p>\n<p>6 \u2013 Informazioni sul sito che sta visionando<\/p>\n<p>Il sito utilizza cookies:<\/p>\n<p>I cookies hanno lo scopo di velocizzare l\u2019analisi del traffico su Internet e facilitare agli utenti l\u2019accesso ai servizi offerti dal sito. Con l\u2019utilizzo dei cookies non vengono trasmessi ne acquisiti dati personali e non vengono utilizzati sistemi di tracciamento degli utenti.<\/p>\n<p>Trasferimento dei dati all\u2019estero:<\/p>\n<p>I dati personali raccolti tramite il sito, potranno essere trasferiti al di fuori del territorio nazionale, solo ed esclusivamente per l\u2019esecuzione dei servizi richiesti tramite il sito e nel rispetto delle specifiche disposizioni previste dal Codice.<\/p>\n<p>7 \u2013 Consenso<\/p>\n<p>Il consenso al trattamento dei dati, nel rispetto del Codice e della presente Privacy Policy, deve essere espresso, da parte del soggetto interessato, sottoscrivendo l\u2019autorizzazione oppure sul sito cliccando sulla prevista casella di autorizzazione.<\/p>\n<p>8 \u2013 Comunicazioni<\/p>\n<p>Per qualsiasi comunicazione inerente la privacy e\/o il trattamento dati in generale potete contattare direttamente il responsabile scrivendo a info@road24h.com.<\/p>\n<p>Cookie Policy<\/p>\n<p>Il sito web di Apaid utilizza cookie e tecnologie simili per garantire il corretto funzionamento delle procedure e migliorare l\u2019esperienza di uso delle applicazioni online. Il presente documento fornisce informazioni dettagliate sull\u2019uso dei cookie e di tecnologie similari, su come sono utilizzati da Apaid e su come gestirli.<br \/>\nDefinizioni<\/p>\n<p>I cookie sono brevi frammenti di testo (lettere e\/o numeri) che permettono al server web di memorizzare sul client (il browser) informazioni da riutilizzare nel corso della medesima visita al sito (cookie di sessione) o in seguito, anche a distanza di giorni (cookie persistenti). I cookie vengono memorizzati, in base alle preferenze dell\u2019utente, dal singolo browser sullo specifico dispositivo utilizzato (computer, tablet, smartphone).<\/p>\n<p>Tecnologie similari, come, ad esempio, web beacon, GIF trasparenti e tutte le forme di storage locale introdotte con HTML5, sono utilizzabili per raccogliere informazioni sul comportamento dell\u2019utente e sull\u2019utilizzo dei servizi.<\/p>\n<p>Nel seguito di questo documento faremo riferimento ai cookie e a tutte le tecnologie similari utilizzando semplicemente il termine \u201ccookie\u201d.<\/p>\n<p>Tipologie di cookie<\/p>\n<p>In base alle caratteristiche e all\u2019utilizzo dei cookie possiamo distinguere diverse categorie:<\/p>\n<p><strong>Cookie strettamente necessari<\/strong>. Si tratta di cookie indispensabili per il corretto funzionamento del sito Apaid e sono utilizzati per gestire alcune preferenze come la lingua del sito. La durata dei cookie \u00e8 strettamente limitata alla sessione di lavoro (chiuso il browser vengono cancellati), o di durata pi\u00f9 lunga (con scadenza 30 giorni) volti a riconoscere, per tale limitato periodo, il computer del visitatore \u2013 attraverso un codice alfa-numerico generato alla prima sessione di accesso \u2013 in modo da riproporgli il risultato del test effettuato dall\u2019utente. La loro disattivazione non compromette l\u2019utilizzo dei servizi.<br \/>\n<strong>Cookie di analisi e prestazioni<\/strong>. Sono cookie utilizzati per raccogliere e analizzare il traffico e l\u2019utilizzo del sito in modo anonimo. Questi cookie, pur senza identificare l\u2019utente, consentono, per esempio, di rilevare se il medesimo utente torna a collegarsi in momenti diversi. Permettono inoltre di monitorare il sistema e migliorarne le prestazioni e l\u2019usabilit\u00e0. La disattivazione di tali cookie pu\u00f2 essere eseguita senza alcuna perdita di funzionalit\u00e0.<br \/>\n<strong>Cookie di profilazione<\/strong>. Si tratta di cookie permanenti utilizzati per identificare (in modo anonimo e non) le preferenze dell\u2019utente e migliorare la sua esperienza di navigazione. Il sito Apaid non utilizza cookie di questo tipo.<\/p>\n<p>Cookie di terze parti<\/p>\n<p>Visitando un sito web si possono ricevere cookie sia dal sito visitato (\u201cproprietari\u201d), sia da siti gestiti da altre organizzazioni (\u201cterze parti\u201d). Un esempio notevole \u00e8 rappresentato dalla presenza dei \u201csocial plugin\u201d per Facebook, Twitter, Google+ e LinkedIn. Si tratta di parti della pagina visitata generate direttamente dai suddetti siti ed integrati nella pagina del sito ospitante. L\u2019utilizzo pi\u00f9 comune dei social plugin \u00e8 finalizzato alla condivisione dei contenuti sui social network.<\/p>\n<p>La presenza di questi plugin comporta la trasmissione di cookie da e verso tutti i siti gestiti da terze parti. La gestione delle informazioni raccolte da \u201cterze parti\u201d \u00e8 disciplinata dalle relative informative cui si prega di fare riferimento. Per garantire una maggiore trasparenza e comodit\u00e0, si riportano qui di seguito gli indirizzi web delle diverse informative e delle modalit\u00e0 per la gestione dei cookie.<\/p>\n<p>Facebook informativa:\u00a0<a href=\"https:\/\/www.facebook.com\/help\/cookies\/\">https:\/\/www.facebook.com\/help\/cookies\/<\/a><\/p>\n<p>Facebook (configurazione): accedere al proprio account. Sezione privacy.<\/p>\n<p>Twitter informative:\u00a0<a href=\"https:\/\/support.twitter.com\/articles\/20170514\">https:\/\/support.twitter.com\/articles\/20170514<\/a><\/p>\n<p>Twitter (configurazione):\u00a0<a href=\"https:\/\/twitter.com\/settings\/security\">https:\/\/twitter.com\/settings\/security<\/a><\/p>\n<p>Linkedin informativa:\u00a0<a href=\"https:\/\/www.linkedin.com\/legal\/cookie-policy\">https:\/\/www.linkedin.com\/legal\/cookie-policy<\/a><\/p>\n<p>Linkedin (configurazione):\u00a0<a href=\"https:\/\/www.linkedin.com\/settings\/\">https:\/\/www.linkedin.com\/settings\/<\/a><\/p>\n<p>Google+ informativa:\u00a0<a href=\"http:\/\/www.google.it\/intl\/it\/policies\/technologies\/cookies\/\">http:\/\/www.google.it\/intl\/it\/policies\/technologies\/cookies\/<\/a><\/p>\n<p>Google+ (configurazione):\u00a0<a href=\"http:\/\/www.google.it\/intl\/it\/policies\/technologies\/managing\/\">http:\/\/www.google.it\/intl\/it\/policies\/technologies\/managing\/<\/a><\/p>\n<p>Google Analytics<\/p>\n<p>Il sito Apaid include anche talune componenti trasmesse da Google Analytics, un servizio di analisi del traffico web fornito da Google, Inc. (\u201cGoogle\u201d). Anche in questo caso si tratta di cookie di terze parti raccolti e gestiti in modo anonimo per monitorare e migliorare le prestazioni del sito ospite (performance cookie).<\/p>\n<p>Google Analytics utilizza i \u201ccookie\u201d per raccogliere e analizzare in forma anonima le informazioni sui comportamenti di utilizzo del sito web Apaid. Tali informazioni vengono raccolte da Google Analytics, che le elabora allo scopo di redigere report per gli operatori di Apaid riguardanti le attivit\u00e0 sui siti web stessi. Questo sito non utilizza (e non consente a terzi di utilizzare) lo strumento di analisi di Google per monitorare o per raccogliere informazioni personali di identificazione. Google non associa l\u2019indirizzo IP a nessun altro dato posseduto da Google n\u00e9 cerca di collegare un indirizzo IP con l\u2019identit\u00e0 di un utente. Google pu\u00f2 anche comunicare queste informazioni a terzi ove ci\u00f2 sia imposto dalla legge o laddove tali terzi trattino le suddette informazioni per conto di Google.<\/p>\n<p>Per ulteriori informazioni, si rinvia al link di seguito indicato:<\/p>\n<p><a href=\"https:\/\/www.google.it\/policies\/privacy\/partners\/\">https:\/\/www.google.it\/policies\/privacy\/partners\/<\/a><\/p>\n<p>L\u2019utente pu\u00f2 disabilitare in modo selettivo l\u2019azione di Google Analytics installando sul proprio browser la componente di opt-out fornito da Google. Per disabilitare l\u2019azione di Google Analytics, si rinvia al link di seguito indicato:<\/p>\n<p><a href=\"https:\/\/tools.google.com\/dlpage\/gaoptout\">https:\/\/tools.google.com\/dlpage\/gaoptout<\/a><\/p>\n<p>Durata dei cookie<\/p>\n<p>Alcuni cookie (cookie di sessione) restano attivi solo fino alla chiusura del browser o all\u2019esecuzione del comando di logout. Altri cookie \u201csopravvivono\u201d alla chiusura del browser e sono disponibili anche in successive visite dell\u2019utente.<\/p>\n<p>Questi cookie sono detti persistenti e la loro durata \u00e8 fissata dal server al momento della loro creazione. In alcuni casi \u00e8 fissata una scadenza, in altri casi la durata \u00e8 illimitata.<\/p>\n<p>Apaid ad eccezione dei cookie a cui le informazioni sono memorizzate esclusivamente per finalit\u00e0 tecniche, non fa uso di cookie persistenti.<\/p>\n<p>Tuttavia, navigando sulle pagine del sito web Apaid, si pu\u00f2 interagire con siti gestiti da terze parti che possono creare o modificare cookie permanenti e di profilazione.<br \/>\nGestione dei cookie<\/p>\n<p>L\u2019utente pu\u00f2 decidere se accettare o meno i cookie utilizzando le impostazioni del proprio browser.<\/p>\n<p>Attenzione: la disabilitazione totale o parziale dei cookie tecnici pu\u00f2 compromettere l\u2019utilizzo delle funzionalit\u00e0 del sito riservate agli utenti registrati. Al contrario, la fruibilit\u00e0 dei contenuti pubblici \u00e8 possibile anche disabilitando completamente i cookie.<\/p>\n<p>La disabilitazione dei cookie \u201cterze parti\u201d non pregiudica in alcun modo la navigabilit\u00e0.<\/p>\n<p>L\u2019impostazione pu\u00f2 essere definita in modo specifico per i diversi siti e applicazioni web. Inoltre i migliori browser consentono di definire impostazioni diverse per i cookie \u201cproprietari\u201d e per quelli di \u201cterze parti\u201d.<\/p>\n<p>A titolo di esempio, in Firefox, attraverso il menu Strumenti-&gt;Opzioni -&gt;Privacy, \u00e8 possibile accedere ad un pannello di controllo dove \u00e8 possibile definire se accettare o meno i diversi tipi di cookie e procedere alla loro rimozione.<\/p>\n<p>Chrome:\u00a0<a href=\"https:\/\/support.google.com\/chrome\/answer\/95647?hl=it\">https:\/\/support.google.com\/chrome\/answer\/95647?hl=it<\/a><\/p>\n<p>Firefox:\u00a0<a href=\"https:\/\/support.mozilla.org\/it\/kb\/Gestione%20dei%20cookie\">https:\/\/support.mozilla.org\/it\/kb\/Gestione%20dei%20cookie<\/a><\/p>\n<p>Internet Explorer:\u00a0<a href=\"http:\/\/windows.microsoft.com\/it-it\/windows7\/how-to-manage-cookies-in-internet-explorer-9\">http:\/\/windows.microsoft.com\/it-it\/windows7\/how-to-manage-cookies-in-internet-explorer-9<\/a><\/p>\n<p>Opera:\u00a0<a href=\"http:\/\/help.opera.com\/Windows\/10.00\/it\/cookies.html\">http:\/\/help.opera.com\/Windows\/10.00\/it\/cookies.html<\/a><\/p>\n<p>Safari:\u00a0<a href=\"http:\/\/support.apple.com\/kb\/HT1677?viewlocale=it_IT\">http:\/\/support.apple.com\/kb\/HT1677?viewlocale=it_IT<\/a><\/p>\n<p>&nbsp;<\/p>","protected":false},"excerpt":{"rendered":"<p>Il presente documento, riguarda le politiche di riservatezza e descrive le modalit\u00e0 di gestione del trattamento dei dati personali dei visitatori e degli utenti del sito.Il Decreto Legislativo n. 196 del 30 giugno 2003 (CODICE IN MATERIA DI PROTEZIONE DEI DATI PERSONALI di seguito denominato \u201cCodice\u201d) che ha sostituito la Legge n. 675 del 31<a href=\"https:\/\/www.road24h.com\/en\/privacy-policy-rentek-srl\/\">[&#8230;]<\/a><\/p>","protected":false},"author":1,"featured_media":0,"parent":0,"menu_order":0,"comment_status":"closed","ping_status":"closed","template":"template-fullwidth.php","meta":[],"yoast_head":"<!-- This site is optimized with the Yoast SEO plugin v16.8 - https:\/\/yoast.com\/wordpress\/plugins\/seo\/ -->\n<title>Privacy Policy - Road 24h<\/title>\n<meta name=\"robots\" content=\"index, follow, max-snippet:-1, max-image-preview:large, max-video-preview:-1\" \/>\n<link rel=\"canonical\" href=\"https:\/\/www.road24h.com\/en\/privacy-policy-rentek-srl\/\" \/>\n<meta property=\"og:locale\" content=\"en_GB\" \/>\n<meta property=\"og:type\" content=\"article\" \/>\n<meta property=\"og:title\" content=\"Privacy Policy - Road 24h\" \/>\n<meta property=\"og:description\" content=\"Il presente documento, riguarda le politiche di riservatezza e descrive le modalit\u00e0 di gestione del trattamento dei dati personali dei visitatori e degli utenti del sito.Il Decreto Legislativo n. 196 del 30 giugno 2003 (CODICE IN MATERIA DI PROTEZIONE DEI DATI PERSONALI di seguito denominato \u201cCodice\u201d) che ha sostituito la Legge n. 675 del 31[...]\" \/>\n<meta property=\"og:url\" content=\"https:\/\/www.road24h.com\/en\/privacy-policy-rentek-srl\/\" \/>\n<meta property=\"og:site_name\" content=\"Road 24h\" \/>\n<meta property=\"article:publisher\" content=\"https:\/\/www.facebook.com\/road24h\/\" \/>\n<meta property=\"article:modified_time\" content=\"2016-12-30T09:29:49+00:00\" \/>\n<meta property=\"og:image\" content=\"https:\/\/www.road24h.com\/wp-content\/uploads\/2015\/12\/fb3opt.png\" \/>\n\t<meta property=\"og:image:width\" content=\"1000\" \/>\n\t<meta property=\"og:image:height\" content=\"475\" \/>\n<meta name=\"twitter:card\" content=\"summary\" \/>\n<meta name=\"twitter:label1\" content=\"Estimated reading time\" \/>\n\t<meta name=\"twitter:data1\" content=\"11 minutes\" \/>\n<script type=\"application\/ld+json\" class=\"yoast-schema-graph\">{\"@context\":\"https:\/\/schema.org\",\"@graph\":[{\"@type\":\"WebSite\",\"@id\":\"https:\/\/www.road24h.com\/#website\",\"url\":\"https:\/\/www.road24h.com\/\",\"name\":\"Road 24h\",\"description\":\"Guida senza pensieri\",\"potentialAction\":[{\"@type\":\"SearchAction\",\"target\":{\"@type\":\"EntryPoint\",\"urlTemplate\":\"https:\/\/www.road24h.com\/?s={search_term_string}\"},\"query-input\":\"required name=search_term_string\"}],\"inLanguage\":\"en-GB\"},{\"@type\":\"WebPage\",\"@id\":\"https:\/\/www.road24h.com\/privacy-policy-rentek-srl\/#webpage\",\"url\":\"https:\/\/www.road24h.com\/privacy-policy-rentek-srl\/\",\"name\":\"Privacy Policy - Road 24h\",\"isPartOf\":{\"@id\":\"https:\/\/www.road24h.com\/#website\"},\"datePublished\":\"2015-11-19T17:05:58+00:00\",\"dateModified\":\"2016-12-30T09:29:49+00:00\",\"breadcrumb\":{\"@id\":\"https:\/\/www.road24h.com\/privacy-policy-rentek-srl\/#breadcrumb\"},\"inLanguage\":\"en-GB\",\"potentialAction\":[{\"@type\":\"ReadAction\",\"target\":[\"https:\/\/www.road24h.com\/privacy-policy-rentek-srl\/\"]}]},{\"@type\":\"BreadcrumbList\",\"@id\":\"https:\/\/www.road24h.com\/privacy-policy-rentek-srl\/#breadcrumb\",\"itemListElement\":[{\"@type\":\"ListItem\",\"position\":1,\"name\":\"Home\",\"item\":\"https:\/\/www.road24h.com\/\"},{\"@type\":\"ListItem\",\"position\":2,\"name\":\"Privacy Policy\"}]}]}<\/script>\n<!-- \/ Yoast SEO plugin. -->","yoast_head_json":{"title":"Privacy Policy - Road 24h","robots":{"index":"index","follow":"follow","max-snippet":"max-snippet:-1","max-image-preview":"max-image-preview:large","max-video-preview":"max-video-preview:-1"},"canonical":"https:\/\/www.road24h.com\/en\/privacy-policy-rentek-srl\/","og_locale":"en_GB","og_type":"article","og_title":"Privacy Policy - Road 24h","og_description":"Il presente documento, riguarda le politiche di riservatezza e descrive le modalit\u00e0 di gestione del trattamento dei dati personali dei visitatori e degli utenti del sito.Il Decreto Legislativo n. 196 del 30 giugno 2003 (CODICE IN MATERIA DI PROTEZIONE DEI DATI PERSONALI di seguito denominato \u201cCodice\u201d) che ha sostituito la Legge n. 675 del 31[...]","og_url":"https:\/\/www.road24h.com\/en\/privacy-policy-rentek-srl\/","og_site_name":"Road 24h","article_publisher":"https:\/\/www.facebook.com\/road24h\/","article_modified_time":"2016-12-30T09:29:49+00:00","og_image":[{"width":1000,"height":475,"url":"https:\/\/www.road24h.com\/wp-content\/uploads\/2015\/12\/fb3opt.png","path":"\/home\/road24h.com\/road24h.com\/wp-content\/uploads\/2015\/12\/fb3opt.png","size":"full","id":369,"alt":"fb3opt","pixels":475000,"type":"image\/png"}],"twitter_card":"summary","twitter_misc":{"Estimated reading time":"11 minutes"},"schema":{"@context":"https:\/\/schema.org","@graph":[{"@type":"WebSite","@id":"https:\/\/www.road24h.com\/#website","url":"https:\/\/www.road24h.com\/","name":"Road 24h","description":"Guida senza pensieri","potentialAction":[{"@type":"SearchAction","target":{"@type":"EntryPoint","urlTemplate":"https:\/\/www.road24h.com\/?s={search_term_string}"},"query-input":"required name=search_term_string"}],"inLanguage":"en-GB"},{"@type":"WebPage","@id":"https:\/\/www.road24h.com\/privacy-policy-rentek-srl\/#webpage","url":"https:\/\/www.road24h.com\/privacy-policy-rentek-srl\/","name":"Privacy Policy - Road 24h","isPartOf":{"@id":"https:\/\/www.road24h.com\/#website"},"datePublished":"2015-11-19T17:05:58+00:00","dateModified":"2016-12-30T09:29:49+00:00","breadcrumb":{"@id":"https:\/\/www.road24h.com\/privacy-policy-rentek-srl\/#breadcrumb"},"inLanguage":"en-GB","potentialAction":[{"@type":"ReadAction","target":["https:\/\/www.road24h.com\/privacy-policy-rentek-srl\/"]}]},{"@type":"BreadcrumbList","@id":"https:\/\/www.road24h.com\/privacy-policy-rentek-srl\/#breadcrumb","itemListElement":[{"@type":"ListItem","position":1,"name":"Home","item":"https:\/\/www.road24h.com\/"},{"@type":"ListItem","position":2,"name":"Privacy Policy"}]}]}},"_links":{"self":[{"href":"https:\/\/www.road24h.com\/en\/wp-json\/wp\/v2\/pages\/124"}],"collection":[{"href":"https:\/\/www.road24h.com\/en\/wp-json\/wp\/v2\/pages"}],"about":[{"href":"https:\/\/www.road24h.com\/en\/wp-json\/wp\/v2\/types\/page"}],"author":[{"embeddable":true,"href":"https:\/\/www.road24h.com\/en\/wp-json\/wp\/v2\/users\/1"}],"replies":[{"embeddable":true,"href":"https:\/\/www.road24h.com\/en\/wp-json\/wp\/v2\/comments?post=124"}],"version-history":[{"count":5,"href":"https:\/\/www.road24h.com\/en\/wp-json\/wp\/v2\/pages\/124\/revisions"}],"predecessor-version":[{"id":1618,"href":"https:\/\/www.road24h.com\/en\/wp-json\/wp\/v2\/pages\/124\/revisions\/1618"}],"wp:attachment":[{"href":"https:\/\/www.road24h.com\/en\/wp-json\/wp\/v2\/media?parent=124"}],"curies":[{"name":"wp","href":"https:\/\/api.w.org\/{rel}","templated":true}]}}