{"id":251,"date":"2015-12-01T13:07:47","date_gmt":"2015-12-01T12:07:47","guid":{"rendered":"http:\/\/www.road24h.com\/?page_id=251"},"modified":"2022-05-27T11:54:11","modified_gmt":"2022-05-27T10:54:11","slug":"r24h-news","status":"publish","type":"page","link":"https:\/\/www.road24h.com\/en\/r24h-news\/","title":{"rendered":"R24H NEWS"},"content":{"rendered":"<ul>\n<li class=\"rss_item\" style=\"padding: 15px 0 25px;\"><span class=\"title\"><a href=\"https:\/\/peritiauto.wordpress.com\/2016\/02\/10\/invio-per-posta-elettronica-periti-assicurativi-revisione-albo-ctu-tribunale-di-udine\/\" target=\"_blank\" rel=\"noopener\">Invio per posta elettronica: PERITI ASSICURATIVI Revisione Albo CTU Tribunale di UDINE<\/a><\/span>Inizio messaggio inoltrato: Da: &lt;tribunale.udine&gt; Oggetto: Invio per posta elettronica: PERITI ASSICURATIVI Data: 10 febbraio 2016 11:41:36 CET A: &lt;info&gt; Il messaggio \u00e8 pronto per essere inviato con i seguenti file o collegamenti allegati: PERITI ASSICURATIVI PERITI ASSICURATIVI.pdf <a href=\"https:\/\/peritiauto.wordpress.com\/2016\/02\/10\/invio-per-posta-elettronica-periti-assicurativi-revisione-albo-ctu-tribunale-di-udine\/\" target=\"_blank\" rel=\"noopener\"> \u2192<\/a><\/li>\n<li class=\"rss_item\" style=\"padding: 15px 0 25px;\"><span class=\"title\"><a href=\"https:\/\/peritiauto.wordpress.com\/2016\/02\/09\/8-franciacorta-rally-show\/\" target=\"_blank\" rel=\"noopener\">8\u00b0 Franciacorta Rally Show<\/a><\/span><a href=\"https:\/\/peritiauto.wordpress.com\/2016\/02\/09\/8-franciacorta-rally-show\/\" target=\"_blank\" rel=\"noopener\"> \u2192<\/a><\/li>\n<li class=\"rss_item\" style=\"padding: 15px 0 25px;\"><span class=\"title\"><a href=\"https:\/\/peritiauto.wordpress.com\/2016\/02\/06\/sinistri-nel-controllo-delle-riserve-il-valore-aggiunto\/\" target=\"_blank\" rel=\"noopener\">Sinistri: nel controllo delle riserve, il valore aggiunto<\/a><\/span>Oggi sono 70 mila gli eventi avversi gestiti ogni anno da Msa Multi Serass. Nel 2006 erano 15 mila: una crescita dovuta a specializzazione e aggiornamento dei sistemi informativi. Secondo Giovanni Campus, dg della societ\u00e0, il futuro sta nelle App e nella gestione della liquidazione collegata alle scatole nere. \u00a0L\u2019intervista video Gestione di 300 mila \u2026 Continua a leggere &amp;rarr <a href=\"https:\/\/peritiauto.wordpress.com\/2016\/02\/06\/sinistri-nel-controllo-delle-riserve-il-valore-aggiunto\/\" target=\"_blank\" rel=\"noopener\"> \u2192<\/a><\/li>\n<li class=\"rss_item\" style=\"padding: 15px 0 25px;\"><span class=\"title\"><a href=\"https:\/\/peritiauto.wordpress.com\/2016\/02\/02\/ruolo-periti-assicurativi-nuova-disciplina-regolamentare\/\" target=\"_blank\" rel=\"noopener\">Ruolo Periti Assicurativi: nuova disciplina regolamentare<\/a><\/span>Da: ruoloperitiassicurativi &lt;ruoloperitiassicurativi&gt; Oggetto: Ruolo Periti Assicurativi: nuova disciplina regolamentare Data: 28 gennaio 2016 14:18:04 CET A: \u201croberto.marino\u201d &lt;roberto.marino&gt; Si comunica che Consap, ai sensi dell\u2019art. 157 lettera E del Codice delle assicurazioni private (D.lgs. n. 209\/2005), ha emanato i seguenti Regolamenti, pubblicati nella Gazzetta Ufficiale n. 291 del 15 dicembre 2015: \u00b7 Regolamento Consap \u2026 Continua a leggere &amp;rarr <a href=\"https:\/\/peritiauto.wordpress.com\/2016\/02\/02\/ruolo-periti-assicurativi-nuova-disciplina-regolamentare\/\" target=\"_blank\" rel=\"noopener\"> \u2192<\/a><\/li>\n<li class=\"rss_item\" style=\"padding: 15px 0 25px;\"><span class=\"title\"><a href=\"https:\/\/peritiauto.wordpress.com\/2016\/01\/29\/il-gruppo-intergea-nobis-assicurazioni-rileva-la-maggioranza-di-filo-diretto-assicurazioni\/\" target=\"_blank\" rel=\"noopener\">Il gruppo Intergea (Nobis Assicurazioni) rileva la maggioranza di Filo Diretto Assicurazioni<\/a><\/span>\u00a0 \u00a0Presentata all\u2019IVASS l\u2019operazione in base alla quale all\u2019azionista di riferimento del gruppo Intergea, Alberto di Tanno, andr\u00e0 la maggioranza di Filo diretto Assicurazioni. Giorgio Introvigne parteciper\u00e0 all\u2019operazione come azionista di minoranza e sar\u00e0 nominato amministratore delegato della nuova compagnia allargata Alberto Di Tanno (azionista di riferimento del gruppo Intergea e di Nobis Assicurazioni) e \u2026 Continua a leggere &amp;rarr <a href=\"https:\/\/peritiauto.wordpress.com\/2016\/01\/29\/il-gruppo-intergea-nobis-assicurazioni-rileva-la-maggioranza-di-filo-diretto-assicurazioni\/\" target=\"_blank\" rel=\"noopener\"> \u2192<\/a><\/li>\n<li class=\"rss_item\" style=\"padding: 15px 0 25px;\"><span class=\"title\"><a href=\"https:\/\/peritiauto.wordpress.com\/2016\/01\/28\/auto-di-cortesia-nuovo-servizio-di-arval\/\" target=\"_blank\" rel=\"noopener\">Auto di cortesia: nuovo servizio di Arval<\/a><\/span>L\u2019auto di cortesia \u00e8 uno strumento irrinunciabile per offrire un servizio di qualit\u00e0 e le carrozzerie sono sempre pi\u00f9 attente a questa necessit\u00e0. Arval Car Replacement \u00e8 un nuovo modo di gestire questo servizio e di ottenere marginalit\u00e0. Abbiamo incontrato gli uomini chiave di questo progetto per farci spiegare come funziona \u201cIl \u201cDriver\u201d al centro \u2026 Continua a leggere &amp;rarr <a href=\"https:\/\/peritiauto.wordpress.com\/2016\/01\/28\/auto-di-cortesia-nuovo-servizio-di-arval\/\" target=\"_blank\" rel=\"noopener\"> \u2192<\/a><\/li>\n<li class=\"rss_item\" style=\"padding: 15px 0 25px;\"><span class=\"title\"><a href=\"https:\/\/peritiauto.wordpress.com\/2016\/01\/27\/la-garanzia-ulteriore-e-sempre-piu-determinante-nella-vendita\/\" target=\"_blank\" rel=\"noopener\">La Garanzia Ulteriore \u00e8 sempre pi\u00f9 determinante nella vendita<\/a><\/span>E\u2019 quanto emerge da un\u2019intervista* realizzata ad un campione di 1.574 acquirenti di veicoli e motoveicoli usati.\u00a0Sempre pi\u00f9 Venditori di Usato si avvalgono della garanzia ulteriore, estendibile anche per pi\u00f9 anni, consentendo cos\u00ec ai Clienti di abbassare la soglia di diffidenza storicamente presente nel settore. Dall\u2019intervista \u00e8 anche emerso che il Cliente rinuncia di buon \u2026 Continua a leggere &amp;rarr <a href=\"https:\/\/peritiauto.wordpress.com\/2016\/01\/27\/la-garanzia-ulteriore-e-sempre-piu-determinante-nella-vendita\/\" target=\"_blank\" rel=\"noopener\"> \u2192<\/a><\/li>\n<li class=\"rss_item\" style=\"padding: 15px 0 25px;\"><span class=\"title\"><a href=\"https:\/\/peritiauto.wordpress.com\/2016\/01\/26\/arriva-il-decreto-per-la-trasformazione-dei-veicoli-a-benzina-e-diesel-in-elettrici\/\" target=\"_blank\" rel=\"noopener\">Arriva il decreto per la trasformazione dei veicoli a benzina e diesel in elettrici<\/a><\/span>Pubblicato il decreto che consente a officine e carrozzerie la trasformazione delle auto a benzina e gasolio in auto elettriche. Una vittoria a cui ha contibuito attivamente Confartigianato \u00c8 stato pubblicato in Gazzetta Ufficiale (11 gennaio) il decreto che disciplina la trasformazione dei veicoli a motore endotermico in veicoli elettrici. Questo passaggio era necessario per \u2026 Continua a leggere &amp;rarr <a href=\"https:\/\/peritiauto.wordpress.com\/2016\/01\/26\/arriva-il-decreto-per-la-trasformazione-dei-veicoli-a-benzina-e-diesel-in-elettrici\/\" target=\"_blank\" rel=\"noopener\"> \u2192<\/a><\/li>\n<li class=\"rss_item\" style=\"padding: 15px 0 25px;\"><span class=\"title\"><a href=\"https:\/\/peritiauto.wordpress.com\/2016\/01\/25\/il-degrado-duso\/\" target=\"_blank\" rel=\"noopener\">Il degrado d\u2019uso<\/a><\/span><a href=\"https:\/\/peritiauto.wordpress.com\/2016\/01\/25\/il-degrado-duso\/\" target=\"_blank\" rel=\"noopener\"> \u2192<\/a><\/li>\n<li class=\"rss_item\" style=\"padding: 15px 0 25px;\"><span class=\"title\"><a href=\"https:\/\/peritiauto.wordpress.com\/2016\/01\/22\/criteri-per-definire-lo-stato-duso-del-veicolo\/\" target=\"_blank\" rel=\"noopener\">CRITERI PER DEFINIRE LO STATO D\u2019USO DEL VEICOLO<\/a><\/span>Al termine del periodo di noleggio, all\u2019atto della riconsegna del veicolo, devono essere effettuati i necessari controlli sulla carrozzeria e sulla meccanica per verificarne lo stato d\u2019uso. Per facilitare il compito dei nostri tecnici, il veicolo dovr\u00e0 essere riconsegnato in buone condizioni di pulizia esterna ed interna. Inoltre dovranno essere presenti la documentazione e tutti \u2026 Continua a leggere &amp;rarr <a href=\"https:\/\/peritiauto.wordpress.com\/2016\/01\/22\/criteri-per-definire-lo-stato-duso-del-veicolo\/\" target=\"_blank\" rel=\"noopener\"> \u2192<\/a><\/li>\n<li class=\"rss_item\" style=\"padding: 15px 0 25px;\"><span class=\"title\"><a href=\"https:\/\/peritiauto.wordpress.com\/2016\/01\/21\/carrozzieri-vs-assicurazioni-e-tu-da-che-parte-stai\/\" target=\"_blank\" rel=\"noopener\">Carrozzieri Vs. Assicurazioni.. E tu da che parte stai?<\/a><\/span>Originally posted on Blog di Luigi Mercurio: Ben ritrovati! Partiamo subito con le questioni spinose. Tra le tante battaglie portate avanti nella tutela di danneggiati, assicurati e consumatori tutti, c\u2019\u00e8 anche l\u2019affaire clausole vessatorie che va a braccetto con i continui golpe\u00a0 alla cessione del credito, senza dimenticare l\u2019occhio assicurativo bramoso di risarcimenti \u00a0in forma <a href=\"https:\/\/peritiauto.wordpress.com\/2016\/01\/21\/carrozzieri-vs-assicurazioni-e-tu-da-che-parte-stai\/\" target=\"_blank\" rel=\"noopener\"> \u2192<\/a><\/li>\n<li class=\"rss_item\" style=\"padding: 15px 0 25px;\"><span class=\"title\"><a href=\"https:\/\/peritiauto.wordpress.com\/2016\/01\/19\/le-perizie-asseverate-della-legge-di-stabilita\/\" target=\"_blank\" rel=\"noopener\">Le perizie asseverate della Legge di Stabilit\u00e0<\/a><\/span>La LEGGE 28 dicembre 2015, n. 208\u00a0 anche detta Legge di stabilit\u00e0 2016, all&#8217;articolo 149 e seguenti dice: 149. Per assicurare il contributo al conseguimento degli obiettivi 2020 in materia di fonti rinnovabili, agli esercenti di impianti per la produzione di energia elettrica alimentati da biomasse, biogas e bioliquidi sostenibili che hanno cessato al 1\u00b0 \u2026 Continua a leggere &amp;rarr <a href=\"https:\/\/peritiauto.wordpress.com\/2016\/01\/19\/le-perizie-asseverate-della-legge-di-stabilita\/\" target=\"_blank\" rel=\"noopener\"> \u2192<\/a><\/li>\n<li class=\"rss_item\" style=\"padding: 15px 0 25px;\"><span class=\"title\"><a href=\"https:\/\/peritiauto.wordpress.com\/2016\/01\/18\/i-nuovo-annuncio-iir-ti-invita-a-innovauto-solutions-2016-28-gennaio-atahotel-expo-fiera-milano\/\" target=\"_blank\" rel=\"noopener\">I: Nuovo annuncio IIR ti invita a INNOVAUTO SOLUTIONS 2016 \u2013 28 gennaio Atahotel Expo Fiera Milano<\/a><\/span><a href=\"https:\/\/peritiauto.wordpress.com\/2016\/01\/18\/i-nuovo-annuncio-iir-ti-invita-a-innovauto-solutions-2016-28-gennaio-atahotel-expo-fiera-milano\/\" target=\"_blank\" rel=\"noopener\"> \u2192<\/a><\/li>\n<li class=\"rss_item\" style=\"padding: 15px 0 25px;\"><span class=\"title\"><a href=\"https:\/\/peritiauto.wordpress.com\/2016\/01\/18\/cose-un-phantom-test\/\" target=\"_blank\" rel=\"noopener\">Cos\u2019\u00e8 un \u201cPhantom Test\u201d<\/a><\/span>COS\u2019 E\u2019 Come fa una casa automobilistica a controllare l\u2019efficienza, la competenza, l\u2019onest\u00e0 e tutti i valori che caratterizzano una rete di assistenza? Fa effettuare ad una rete di periti auto una serie di controlli fantasma, appunto i \u201cPanthom Test\u201d direttamente presso le officine, con la complicit\u00e0 dei propri clienti, su tutto il territorio e \u2026 Continua a leggere &amp;rarr <a href=\"https:\/\/peritiauto.wordpress.com\/2016\/01\/18\/cose-un-phantom-test\/\" target=\"_blank\" rel=\"noopener\"> \u2192<\/a><\/li>\n<li class=\"rss_item\" style=\"padding: 15px 0 25px;\"><span class=\"title\"><a href=\"https:\/\/peritiauto.wordpress.com\/2016\/01\/12\/i-recapiti-di-tutti-i-periti-assicurativi\/\" target=\"_blank\" rel=\"noopener\">I RECAPITI DI TUTTI I PERITI ASSICURATIVI<\/a><\/span>Leggendo il provvedimento del\u00a023 ottobre 2015 relativo al Regolamento concernente la disciplina dell\u2019attivita\u2019 peritale di cui al decreto legislativo 7 settembre 2005, n. 209 e successive modificazioni e integrazioni (Codice delle assicurazioni private \u2013 Titolo X \u2013 Assicurazione obbligatoria per i veicoli a motore e i natanti, Capo VI \u2013 Disciplina dell\u2019attivita\u2019 peritale). (Regolamento n. \u2026 Continua a leggere &amp;rarr <a href=\"https:\/\/peritiauto.wordpress.com\/2016\/01\/12\/i-recapiti-di-tutti-i-periti-assicurativi\/\" target=\"_blank\" rel=\"noopener\"> \u2192<\/a><\/li>\n<li class=\"rss_item\" style=\"padding: 15px 0 25px;\"><span class=\"title\"><a href=\"https:\/\/peritiauto.wordpress.com\/2016\/01\/11\/le-multe-a-strascico\/\" target=\"_blank\" rel=\"noopener\">Le multe a strascico<\/a><\/span>Cos\u2019\u00e8 lo \u201cStreet Control\u201d Come la tecnica di pesca \u201ca strascico\u201d, anche le multe con lo stesso nome (generate dallo Street Control) prevedono che chi guida guardi la strada e che qualcun\u2019altro a bordo faccia lavorare la lenza. In questo caso il veicolo \u00e8 quello della pattuglia della polizia municipale, la lenza una telecamera montata \u2026 Continua a leggere &amp;rarr <a href=\"https:\/\/peritiauto.wordpress.com\/2016\/01\/11\/le-multe-a-strascico\/\" target=\"_blank\" rel=\"noopener\"> \u2192<\/a><\/li>\n<li class=\"rss_item\" style=\"padding: 15px 0 25px;\"><span class=\"title\"><a href=\"https:\/\/peritiauto.wordpress.com\/2016\/01\/10\/registro-generale-degli-indirizzi-elettronici\/\" target=\"_blank\" rel=\"noopener\">Registro Generale degli Indirizzi Elettronici<\/a><\/span>Come noto, nell\u2019ambito del Processo Civile Telematico, \u00e8 stato istituito il Registro Generale degli Indirizzi Elettronici \u2013 cosiddetto ReGIndE \u2013 gestito dal Ministero della Giustizia (art. 7 del D.M. 21.2.2011 n. 44). Il ReGIndE contiene i dati identificativi nonch\u00e9 l\u2019indirizzo di posta elettronica certificata (PEC) dei soggetti abilitati esterni a dialogare ed interagire con il \u2026 Continua a leggere &amp;rarr <a href=\"https:\/\/peritiauto.wordpress.com\/2016\/01\/10\/registro-generale-degli-indirizzi-elettronici\/\" target=\"_blank\" rel=\"noopener\"> \u2192<\/a><\/li>\n<li class=\"rss_item\" style=\"padding: 15px 0 25px;\"><span class=\"title\"><a href=\"https:\/\/peritiauto.wordpress.com\/2016\/01\/09\/ruolo-dei-periti-assicurativi-bando-per-la-prova-di-idoneita-per-liscrizione-nel-ruolo-dei-periti-assicurativi-22-12-2015\/\" target=\"_blank\" rel=\"noopener\">Ruolo dei Periti Assicurativi: Bando per la Prova di Idoneit\u00e0 per l\u2019iscrizione nel Ruolo dei Periti Assicurativi (22.12.2015)<\/a><\/span>Il bando relativo alla prova di idoneit\u00e0 per l\u2019iscrizione al Ruolo dei Periti Assicurativi \u2013 sessione 2015 \u2013 \u00e8 stato pubblicato ed \u00e8 scaricabile cliccando qui. Per ottenere informazioni relativamente all\u2019iscrizione al Ruolo e al tirocinio clicca qui. <a href=\"https:\/\/peritiauto.wordpress.com\/2016\/01\/09\/ruolo-dei-periti-assicurativi-bando-per-la-prova-di-idoneita-per-liscrizione-nel-ruolo-dei-periti-assicurativi-22-12-2015\/\" target=\"_blank\" rel=\"noopener\"> \u2192<\/a><\/li>\n<li class=\"rss_item\" style=\"padding: 15px 0 25px;\"><span class=\"title\"><a href=\"https:\/\/peritiauto.wordpress.com\/2016\/01\/08\/ruolo-dei-periti-assicurativi-nuova-disciplina-regolamentare-emanata-da-consap-16-12-2015\/\" target=\"_blank\" rel=\"noopener\">Ruolo dei Periti Assicurativi: nuova disciplina regolamentare emanata da Consap (16.12.2015)<\/a><\/span>Consap, ai sensi dell\u2019art. 157 lettera E del Codice delle assicurazioni private (D.lgs. n. 209\/2005), ha emanato i seguenti Regolamenti, pubblicati nella Gazzetta Ufficiale n. 291 del 15 dicembre 2015: Regolamento Consap n. 1 del 23 ottobre 2015 concernente la disciplina dell\u2019attivit\u00e0 peritale clicca qui per visualizzare Regolamento Consap n. 2 del 23 ottobre 2015 \u2026 Continua a leggere &amp;rarr <a href=\"https:\/\/peritiauto.wordpress.com\/2016\/01\/08\/ruolo-dei-periti-assicurativi-nuova-disciplina-regolamentare-emanata-da-consap-16-12-2015\/\" target=\"_blank\" rel=\"noopener\"> \u2192<\/a><\/li>\n<li class=\"rss_item\" style=\"padding: 15px 0 25px;\"><span class=\"title\"><a href=\"https:\/\/peritiauto.wordpress.com\/2016\/01\/07\/ruolo-dei-periti-assicurativi-avviso-agli-iscritti-11-11-2015\/\" target=\"_blank\" rel=\"noopener\">Ruolo dei Periti Assicurativi: avviso agli iscritti (11.11.2015)<\/a><\/span>Consap, ai sensi dell\u2019art. 159 lettera E del Decreto legislativo 209\/2005, ha recentemente avviato la procedura di cancellazione dal Ruolo dei periti assicurativi che non hanno provveduto al pagamento dei contributi di vigilanza per gli anni 2013 e 2014. Equitalia Sud, giusta Convenzione stipulata con Consap, ha provveduto ad inviare agli interessati lettere di sollecito \u2026 Continua a leggere &amp;rarr <a href=\"https:\/\/peritiauto.wordpress.com\/2016\/01\/07\/ruolo-dei-periti-assicurativi-avviso-agli-iscritti-11-11-2015\/\" target=\"_blank\" rel=\"noopener\"> \u2192<\/a><\/li>\n<\/ul>","protected":false},"excerpt":{"rendered":"<p>Invio per posta elettronica: PERITI ASSICURATIVI Revisione Albo CTU Tribunale di UDINEInizio messaggio inoltrato: Da: &lt;tribunale.udine&gt; Oggetto: Invio per posta elettronica: PERITI ASSICURATIVI Data: 10 febbraio 2016 11:41:36 CET A: &lt;info&gt; Il messaggio \u00e8 pronto per essere inviato con i seguenti file o collegamenti allegati: PERITI ASSICURATIVI PERITI ASSICURATIVI.pdf \u2192 8\u00b0 Franciacorta Rally Show \u2192<a href=\"https:\/\/www.road24h.com\/en\/r24h-news\/\">[&#8230;]<\/a><\/p>","protected":false},"author":1,"featured_media":0,"parent":0,"menu_order":0,"comment_status":"closed","ping_status":"closed","template":"template-fullwidth.php","meta":[],"yoast_head":"<!-- This site is optimized with the Yoast SEO plugin v16.8 - https:\/\/yoast.com\/wordpress\/plugins\/seo\/ -->\n<title>R24h News<\/title>\n<meta name=\"description\" content=\"R24H News, le ultime notizie dal mondo dell&#039;auto a cura di Peritiauto.it\" \/>\n<meta name=\"robots\" content=\"index, follow, max-snippet:-1, max-image-preview:large, max-video-preview:-1\" \/>\n<link rel=\"canonical\" href=\"https:\/\/www.road24h.com\/en\/r24h-news\/\" \/>\n<meta property=\"og:locale\" content=\"en_GB\" \/>\n<meta property=\"og:type\" content=\"article\" \/>\n<meta property=\"og:title\" content=\"R24h News\" \/>\n<meta property=\"og:description\" content=\"R24H News, le ultime notizie dal mondo dell&#039;auto a cura di Peritiauto.it\" \/>\n<meta property=\"og:url\" content=\"https:\/\/www.road24h.com\/en\/r24h-news\/\" \/>\n<meta property=\"og:site_name\" content=\"Road 24h\" \/>\n<meta property=\"article:publisher\" content=\"https:\/\/www.facebook.com\/road24h\/\" \/>\n<meta property=\"article:modified_time\" content=\"2022-05-27T10:54:11+00:00\" \/>\n<meta property=\"og:image\" content=\"https:\/\/www.road24h.com\/wp-content\/uploads\/2015\/12\/fb3opt.png\" \/>\n\t<meta property=\"og:image:width\" content=\"1000\" \/>\n\t<meta property=\"og:image:height\" content=\"475\" \/>\n<meta name=\"twitter:card\" content=\"summary\" \/>\n<meta name=\"twitter:label1\" content=\"Estimated reading time\" \/>\n\t<meta name=\"twitter:data1\" content=\"6 minutes\" \/>\n<script type=\"application\/ld+json\" class=\"yoast-schema-graph\">{\"@context\":\"https:\/\/schema.org\",\"@graph\":[{\"@type\":\"WebSite\",\"@id\":\"https:\/\/www.road24h.com\/#website\",\"url\":\"https:\/\/www.road24h.com\/\",\"name\":\"Road 24h\",\"description\":\"Guida senza pensieri\",\"potentialAction\":[{\"@type\":\"SearchAction\",\"target\":{\"@type\":\"EntryPoint\",\"urlTemplate\":\"https:\/\/www.road24h.com\/?s={search_term_string}\"},\"query-input\":\"required name=search_term_string\"}],\"inLanguage\":\"en-GB\"},{\"@type\":\"WebPage\",\"@id\":\"https:\/\/www.road24h.com\/r24h-news\/#webpage\",\"url\":\"https:\/\/www.road24h.com\/r24h-news\/\",\"name\":\"R24h News\",\"isPartOf\":{\"@id\":\"https:\/\/www.road24h.com\/#website\"},\"datePublished\":\"2015-12-01T12:07:47+00:00\",\"dateModified\":\"2022-05-27T10:54:11+00:00\",\"description\":\"R24H News, le ultime notizie dal mondo dell'auto a cura di Peritiauto.it\",\"breadcrumb\":{\"@id\":\"https:\/\/www.road24h.com\/r24h-news\/#breadcrumb\"},\"inLanguage\":\"en-GB\",\"potentialAction\":[{\"@type\":\"ReadAction\",\"target\":[\"https:\/\/www.road24h.com\/r24h-news\/\"]}]},{\"@type\":\"BreadcrumbList\",\"@id\":\"https:\/\/www.road24h.com\/r24h-news\/#breadcrumb\",\"itemListElement\":[{\"@type\":\"ListItem\",\"position\":1,\"name\":\"Home\",\"item\":\"https:\/\/www.road24h.com\/\"},{\"@type\":\"ListItem\",\"position\":2,\"name\":\"R24H NEWS\"}]}]}<\/script>\n<!-- \/ Yoast SEO plugin. -->","yoast_head_json":{"title":"R24h News","description":"R24H News, le ultime notizie dal mondo dell'auto a cura di Peritiauto.it","robots":{"index":"index","follow":"follow","max-snippet":"max-snippet:-1","max-image-preview":"max-image-preview:large","max-video-preview":"max-video-preview:-1"},"canonical":"https:\/\/www.road24h.com\/en\/r24h-news\/","og_locale":"en_GB","og_type":"article","og_title":"R24h News","og_description":"R24H News, le ultime notizie dal mondo dell'auto a cura di Peritiauto.it","og_url":"https:\/\/www.road24h.com\/en\/r24h-news\/","og_site_name":"Road 24h","article_publisher":"https:\/\/www.facebook.com\/road24h\/","article_modified_time":"2022-05-27T10:54:11+00:00","og_image":[{"width":1000,"height":475,"url":"https:\/\/www.road24h.com\/wp-content\/uploads\/2015\/12\/fb3opt.png","path":"\/home\/road24h.com\/road24h.com\/wp-content\/uploads\/2015\/12\/fb3opt.png","size":"full","id":369,"alt":"fb3opt","pixels":475000,"type":"image\/png"}],"twitter_card":"summary","twitter_misc":{"Estimated reading time":"6 minutes"},"schema":{"@context":"https:\/\/schema.org","@graph":[{"@type":"WebSite","@id":"https:\/\/www.road24h.com\/#website","url":"https:\/\/www.road24h.com\/","name":"Road 24h","description":"Guida senza pensieri","potentialAction":[{"@type":"SearchAction","target":{"@type":"EntryPoint","urlTemplate":"https:\/\/www.road24h.com\/?s={search_term_string}"},"query-input":"required name=search_term_string"}],"inLanguage":"en-GB"},{"@type":"WebPage","@id":"https:\/\/www.road24h.com\/r24h-news\/#webpage","url":"https:\/\/www.road24h.com\/r24h-news\/","name":"R24h News","isPartOf":{"@id":"https:\/\/www.road24h.com\/#website"},"datePublished":"2015-12-01T12:07:47+00:00","dateModified":"2022-05-27T10:54:11+00:00","description":"R24H News, le ultime notizie dal mondo dell'auto a cura di Peritiauto.it","breadcrumb":{"@id":"https:\/\/www.road24h.com\/r24h-news\/#breadcrumb"},"inLanguage":"en-GB","potentialAction":[{"@type":"ReadAction","target":["https:\/\/www.road24h.com\/r24h-news\/"]}]},{"@type":"BreadcrumbList","@id":"https:\/\/www.road24h.com\/r24h-news\/#breadcrumb","itemListElement":[{"@type":"ListItem","position":1,"name":"Home","item":"https:\/\/www.road24h.com\/"},{"@type":"ListItem","position":2,"name":"R24H NEWS"}]}]}},"_links":{"self":[{"href":"https:\/\/www.road24h.com\/en\/wp-json\/wp\/v2\/pages\/251"}],"collection":[{"href":"https:\/\/www.road24h.com\/en\/wp-json\/wp\/v2\/pages"}],"about":[{"href":"https:\/\/www.road24h.com\/en\/wp-json\/wp\/v2\/types\/page"}],"author":[{"embeddable":true,"href":"https:\/\/www.road24h.com\/en\/wp-json\/wp\/v2\/users\/1"}],"replies":[{"embeddable":true,"href":"https:\/\/www.road24h.com\/en\/wp-json\/wp\/v2\/comments?post=251"}],"version-history":[{"count":41,"href":"https:\/\/www.road24h.com\/en\/wp-json\/wp\/v2\/pages\/251\/revisions"}],"predecessor-version":[{"id":302,"href":"https:\/\/www.road24h.com\/en\/wp-json\/wp\/v2\/pages\/251\/revisions\/302"}],"wp:attachment":[{"href":"https:\/\/www.road24h.com\/en\/wp-json\/wp\/v2\/media?parent=251"}],"curies":[{"name":"wp","href":"https:\/\/api.w.org\/{rel}","templated":true}]}}