{"id":3050,"date":"2019-11-04T15:38:18","date_gmt":"2019-11-04T14:38:18","guid":{"rendered":"https:\/\/www.road24h.com\/?post_type=product&#038;p=3050"},"modified":"2019-11-04T15:49:39","modified_gmt":"2019-11-04T14:49:39","slug":"five","status":"publish","type":"product","link":"https:\/\/www.road24h.com\/en\/carte-assistenza\/five-assistenza\/five\/","title":{"rendered":"FIVE"},"content":{"rendered":"<h2 style=\"text-align: center;\"><strong>ASSISTENZA <\/strong><strong>FIVE<\/strong><\/h2>\n<h3 style=\"text-align: center;\"><span style=\"color: #008000;\"><strong>LA CARTA AL SERVIZIO DELLA TUA AUTO ELETTRICA<\/strong><\/span><\/h3>\n<p>&nbsp;<\/p>\n<p>I veicoli elettrici presentano caratteristiche differenti rispetto ai mezzi con motori endotermici, sia in termini di autonomia che di interventi manutentivi necessari. Per questa ragione \u00e8 nata la carta Five Assistenza, la carta servizi pensata per la mobilit\u00e0 dei mezzi elettrici, veicoli sempre pi\u00f9 diffusi sulle nostre strade. I servizi inclusi sono:<\/p>\n<p style=\"text-align: justify;\">\u00a0<strong>&#8211; SOCCORSO STRADALE: <\/strong>A seguito di guasto, incidente, incendio o scoppio dell&#8217;autoveicolo, la centrale operativa provvede a farne effettuare il traino presso il luogo di destinazione indicato dal cliente, entro una percorrenza del mezzo di soccorso di 30 km in andata e ritorno.<\/p>\n<p style=\"text-align: justify;\"><strong>&#8211; \u00a0RIPARAZIONE SUL POSTO:\u00a0<\/strong>A seguito di guasto, incidente, incendio o scoppio dell\u2019autoveicolo, la centrale operativa invia sul luogo indicato dal cliente\u00a0un mezzo di soccorso per\u00a0risolvere la causa dell\u2019immobilizzo\u00a0e <strong>ripristinare la mobilit\u00e0 dell\u2019autoveicolo<\/strong>\u00a0tramite\u00a0piccole riparazioni,\u00a0come il cambio gomma con quella di scorta fornita dal cliente.<\/p>\n<p style=\"text-align: justify;\"><strong>&#8211; RIENTRO IN TRENO O AEREO:\u00a0<\/strong>Nel caso in cui l\u2019autoveicolo si trovi ad oltre 50 km dal luogo di residenza del cliente e, a seguito di guasto o incidente, necessiti di una riparazione superiore alle 12 ore di manodopera, la centrale operativa fornisce\u00a0<strong>al cliente ed ai suoi passeggeri un biglietto ferroviario o aereo<\/strong> <strong>del valore fino a\u00a0280 euro per<\/strong> <strong>raggiungere la destinazione finale del viaggio<\/strong>.<\/p>\n<p style=\"text-align: justify;\"><span style=\"text-decoration: underline;\">DURATA: 12 mesi\u00a0\u00a0(Attivazione dalle 24 del giorno successivo all&#8217;acquisto)<\/span><\/p>\n<p style=\"text-align: justify;\"><span style=\"text-decoration: underline;\">Le prestazioni indicate sono erogabili complessivamente 2 (due) volte ogni 12 mesi di copertura.<\/span><\/p>\n<h5 style=\"text-align: right;\"><a href=\"https:\/\/www.road24h.com\/en\/condizioni\/\" target=\"_blank\" rel=\"noopener noreferrer\">Condizioni del servizio<\/a><\/h5>","protected":false},"excerpt":{"rendered":"<p style=\"text-align: left; padding-left: 55px;\">PERIOD: 12 MONTHS<\/p>\n<ul>\n<li style=\"text-align: left; padding-left: 55px;\">Soccorso stradale<\/li>\n<li style=\"text-align: left; padding-left: 55px;\">On-site repair<\/li>\n<li style=\"text-align: left; padding-left: 55px;\">Return by train or plane<\/li>\n<\/ul>","protected":false},"featured_media":3052,"comment_status":"closed","ping_status":"closed","template":"","meta":[],"product_cat":[501],"product_tag":[],"yoast_head":"<!-- This site is optimized with the Yoast SEO plugin v16.8 - https:\/\/yoast.com\/wordpress\/plugins\/seo\/ -->\n<title>FIVE ASSISTENZA<\/title>\n<meta name=\"description\" content=\"R24H AUTO PLUS \u00e8 la carta servizi realizzata con ACI, che ti da soccorso stradale, auto sostitutiva, riparazione sul posto e proseguimento viaggio!\" \/>\n<meta name=\"robots\" content=\"index, follow, max-snippet:-1, max-image-preview:large, max-video-preview:-1\" \/>\n<link rel=\"canonical\" href=\"https:\/\/www.road24h.com\/en\/carte-assistenza\/five-assistenza\/five\/\" \/>\n<meta property=\"og:locale\" content=\"en_GB\" \/>\n<meta property=\"og:type\" content=\"article\" \/>\n<meta property=\"og:title\" content=\"FIVE ASSISTENZA\" \/>\n<meta property=\"og:description\" content=\"R24H AUTO PLUS \u00e8 la carta servizi realizzata con ACI, che ti da soccorso stradale, auto sostitutiva, riparazione sul posto e proseguimento viaggio!\" \/>\n<meta property=\"og:url\" content=\"https:\/\/www.road24h.com\/en\/carte-assistenza\/five-assistenza\/five\/\" \/>\n<meta property=\"og:site_name\" content=\"Road 24h\" \/>\n<meta property=\"article:publisher\" content=\"https:\/\/www.facebook.com\/road24h\/\" \/>\n<meta property=\"article:modified_time\" content=\"2019-11-04T14:49:39+00:00\" \/>\n<meta property=\"og:image\" content=\"https:\/\/www.road24h.com\/wp-content\/uploads\/2019\/11\/Five.png\" \/>\n\t<meta property=\"og:image:width\" content=\"1901\" \/>\n\t<meta property=\"og:image:height\" content=\"1103\" \/>\n<meta name=\"twitter:card\" content=\"summary\" \/>\n<meta name=\"twitter:label1\" content=\"Estimated reading time\" \/>\n\t<meta name=\"twitter:data1\" content=\"1 minute\" \/>\n<script type=\"application\/ld+json\" class=\"yoast-schema-graph\">{\"@context\":\"https:\/\/schema.org\",\"@graph\":[{\"@type\":\"WebSite\",\"@id\":\"https:\/\/www.road24h.com\/#website\",\"url\":\"https:\/\/www.road24h.com\/\",\"name\":\"Road 24h\",\"description\":\"Guida senza pensieri\",\"potentialAction\":[{\"@type\":\"SearchAction\",\"target\":{\"@type\":\"EntryPoint\",\"urlTemplate\":\"https:\/\/www.road24h.com\/?s={search_term_string}\"},\"query-input\":\"required name=search_term_string\"}],\"inLanguage\":\"en-GB\"},{\"@type\":\"ImageObject\",\"@id\":\"https:\/\/www.road24h.com\/carte-assistenza\/five-assistenza\/five\/#primaryimage\",\"inLanguage\":\"en-GB\",\"url\":\"https:\/\/www.road24h.com\/wp-content\/uploads\/2019\/11\/Five.png\",\"contentUrl\":\"https:\/\/www.road24h.com\/wp-content\/uploads\/2019\/11\/Five.png\",\"width\":1901,\"height\":1103,\"caption\":\"Five\"},{\"@type\":\"WebPage\",\"@id\":\"https:\/\/www.road24h.com\/carte-assistenza\/five-assistenza\/five\/#webpage\",\"url\":\"https:\/\/www.road24h.com\/carte-assistenza\/five-assistenza\/five\/\",\"name\":\"FIVE ASSISTENZA\",\"isPartOf\":{\"@id\":\"https:\/\/www.road24h.com\/#website\"},\"primaryImageOfPage\":{\"@id\":\"https:\/\/www.road24h.com\/carte-assistenza\/five-assistenza\/five\/#primaryimage\"},\"datePublished\":\"2019-11-04T14:38:18+00:00\",\"dateModified\":\"2019-11-04T14:49:39+00:00\",\"description\":\"R24H AUTO PLUS \\u00e8 la carta servizi realizzata con ACI, che ti da soccorso stradale, auto sostitutiva, riparazione sul posto e proseguimento viaggio!\",\"breadcrumb\":{\"@id\":\"https:\/\/www.road24h.com\/carte-assistenza\/five-assistenza\/five\/#breadcrumb\"},\"inLanguage\":\"en-GB\",\"potentialAction\":[{\"@type\":\"ReadAction\",\"target\":[\"https:\/\/www.road24h.com\/carte-assistenza\/five-assistenza\/five\/\"]}]},{\"@type\":\"BreadcrumbList\",\"@id\":\"https:\/\/www.road24h.com\/carte-assistenza\/five-assistenza\/five\/#breadcrumb\",\"itemListElement\":[{\"@type\":\"ListItem\",\"position\":1,\"name\":\"Home\",\"item\":\"https:\/\/www.road24h.com\/\"},{\"@type\":\"ListItem\",\"position\":2,\"name\":\"Carte Assistenza\",\"item\":\"https:\/\/www.road24h.com\/carte-assistenza\/\"},{\"@type\":\"ListItem\",\"position\":3,\"name\":\"FIVE\"}]}]}<\/script>\n<!-- \/ Yoast SEO plugin. -->","yoast_head_json":{"title":"FIVE ASSISTENZA","description":"R24H AUTO PLUS \u00e8 la carta servizi realizzata con ACI, che ti da soccorso stradale, auto sostitutiva, riparazione sul posto e proseguimento viaggio!","robots":{"index":"index","follow":"follow","max-snippet":"max-snippet:-1","max-image-preview":"max-image-preview:large","max-video-preview":"max-video-preview:-1"},"canonical":"https:\/\/www.road24h.com\/en\/carte-assistenza\/five-assistenza\/five\/","og_locale":"en_GB","og_type":"article","og_title":"FIVE ASSISTENZA","og_description":"R24H AUTO PLUS \u00e8 la carta servizi realizzata con ACI, che ti da soccorso stradale, auto sostitutiva, riparazione sul posto e proseguimento viaggio!","og_url":"https:\/\/www.road24h.com\/en\/carte-assistenza\/five-assistenza\/five\/","og_site_name":"Road 24h","article_publisher":"https:\/\/www.facebook.com\/road24h\/","article_modified_time":"2019-11-04T14:49:39+00:00","og_image":[{"width":1901,"height":1103,"url":"https:\/\/www.road24h.com\/wp-content\/uploads\/2019\/11\/Five.png","path":"\/home\/road24h.com\/road24h.com\/wp-content\/uploads\/2019\/11\/Five.png","size":"full","id":3052,"alt":"Five","pixels":2096803,"type":"image\/png"}],"twitter_card":"summary","twitter_misc":{"Estimated reading time":"1 minute"},"schema":{"@context":"https:\/\/schema.org","@graph":[{"@type":"WebSite","@id":"https:\/\/www.road24h.com\/#website","url":"https:\/\/www.road24h.com\/","name":"Road 24h","description":"Guida senza pensieri","potentialAction":[{"@type":"SearchAction","target":{"@type":"EntryPoint","urlTemplate":"https:\/\/www.road24h.com\/?s={search_term_string}"},"query-input":"required name=search_term_string"}],"inLanguage":"en-GB"},{"@type":"ImageObject","@id":"https:\/\/www.road24h.com\/carte-assistenza\/five-assistenza\/five\/#primaryimage","inLanguage":"en-GB","url":"https:\/\/www.road24h.com\/wp-content\/uploads\/2019\/11\/Five.png","contentUrl":"https:\/\/www.road24h.com\/wp-content\/uploads\/2019\/11\/Five.png","width":1901,"height":1103,"caption":"Five"},{"@type":"WebPage","@id":"https:\/\/www.road24h.com\/carte-assistenza\/five-assistenza\/five\/#webpage","url":"https:\/\/www.road24h.com\/carte-assistenza\/five-assistenza\/five\/","name":"FIVE ASSISTENZA","isPartOf":{"@id":"https:\/\/www.road24h.com\/#website"},"primaryImageOfPage":{"@id":"https:\/\/www.road24h.com\/carte-assistenza\/five-assistenza\/five\/#primaryimage"},"datePublished":"2019-11-04T14:38:18+00:00","dateModified":"2019-11-04T14:49:39+00:00","description":"R24H AUTO PLUS \u00e8 la carta servizi realizzata con ACI, che ti da soccorso stradale, auto sostitutiva, riparazione sul posto e proseguimento viaggio!","breadcrumb":{"@id":"https:\/\/www.road24h.com\/carte-assistenza\/five-assistenza\/five\/#breadcrumb"},"inLanguage":"en-GB","potentialAction":[{"@type":"ReadAction","target":["https:\/\/www.road24h.com\/carte-assistenza\/five-assistenza\/five\/"]}]},{"@type":"BreadcrumbList","@id":"https:\/\/www.road24h.com\/carte-assistenza\/five-assistenza\/five\/#breadcrumb","itemListElement":[{"@type":"ListItem","position":1,"name":"Home","item":"https:\/\/www.road24h.com\/"},{"@type":"ListItem","position":2,"name":"Carte Assistenza","item":"https:\/\/www.road24h.com\/carte-assistenza\/"},{"@type":"ListItem","position":3,"name":"FIVE"}]}]}},"_links":{"self":[{"href":"https:\/\/www.road24h.com\/en\/wp-json\/wp\/v2\/product\/3050"}],"collection":[{"href":"https:\/\/www.road24h.com\/en\/wp-json\/wp\/v2\/product"}],"about":[{"href":"https:\/\/www.road24h.com\/en\/wp-json\/wp\/v2\/types\/product"}],"replies":[{"embeddable":true,"href":"https:\/\/www.road24h.com\/en\/wp-json\/wp\/v2\/comments?post=3050"}],"wp:featuredmedia":[{"embeddable":true,"href":"https:\/\/www.road24h.com\/en\/wp-json\/wp\/v2\/media\/3052"}],"wp:attachment":[{"href":"https:\/\/www.road24h.com\/en\/wp-json\/wp\/v2\/media?parent=3050"}],"wp:term":[{"taxonomy":"product_cat","embeddable":true,"href":"https:\/\/www.road24h.com\/en\/wp-json\/wp\/v2\/product_cat?post=3050"},{"taxonomy":"product_tag","embeddable":true,"href":"https:\/\/www.road24h.com\/en\/wp-json\/wp\/v2\/product_tag?post=3050"}],"curies":[{"name":"wp","href":"https:\/\/api.w.org\/{rel}","templated":true}]}}